{"id":24,"date":"2026-01-22T21:54:23","date_gmt":"2026-01-22T21:54:23","guid":{"rendered":"https:\/\/corantinhugo2027.fr\/?page_id=24"},"modified":"2026-02-20T20:03:13","modified_gmt":"2026-02-20T20:03:13","slug":"le-mariage","status":"publish","type":"page","link":"https:\/\/corantinhugo2027.fr\/index.php\/le-mariage\/","title":{"rendered":"LE MARIAGE"},"content":{"rendered":"\n<p>Nous sommes <strong>Hugo &amp; Corantin<\/strong>, et nous avons h\u00e2te de partager avec vous une journ\u00e9e qui s\u2019annonce remplie d\u2019amour, de rires et de belles \u00e9motions.<br>Ici, vous trouverez toutes les informations pour c\u00e9l\u00e9brer avec nous notre union le <strong>29 mai 2027<\/strong>.<\/p>\n\n\n\n<hr class=\"wp-block-separator has-alpha-channel-opacity\"\/>\n\n\n\n<h2 class=\"wp-block-heading\"><strong>La date &amp; le lieu de la c\u00e9r\u00e9monie la\u00efque<\/strong><\/h2>\n\n\n\n<p>\ud83d\udcc5 <strong>Samedi 29 mai 202<\/strong>7<br>\ud83d\udccd Domaine la cl\u00e9 des champs : Les Caulti\u00e8res, 86700 Anch\u00e9<br>\ud83d\udd52 Heure : 14H00 (Nous vous invitons \u00e0 arriver au minimum 30 minutes en avance)<\/p>\n\n\n\n<p><br>Une c\u00e9r\u00e9monie douce, naturelle et pleine de symboles, dans un d\u00e9cor v\u00e9g\u00e9tal.<\/p>\n\n\n\n<p>Un vin d\u2019honneur se tiendra ensuite dans les verdures du domaine.<br>Vous serez ensuite convi\u00e9s \u00e0 une r\u00e9ception conviviale, chaleureuse et r\u00e9solument champ\u00eatre, suivie d\u2019une f\u00eate qui se prolongera jusqu\u2019au bout de la nuit.<\/p>\n\n\n\n<div style=\"height:100px\" aria-hidden=\"true\" class=\"wp-block-spacer\"><\/div>\n\n\n\n<p><\/p>\n","protected":false},"excerpt":{"rendered":"<p>Nous sommes Hugo &amp; Corantin, et nous avons h\u00e2te de partager avec vous une journ\u00e9e qui s\u2019annonce remplie d\u2019amour, de rires et de belles \u00e9motions.Ici, vous trouverez toutes les informations pour c\u00e9l\u00e9brer avec nous notre union le 29 mai 2027. La date &amp; le lieu de la c\u00e9r\u00e9monie la\u00efque \ud83d\udcc5 [&hellip;]<\/p>\n","protected":false},"author":1,"featured_media":0,"parent":0,"menu_order":0,"comment_status":"closed","ping_status":"closed","template":"","meta":{"_themeisle_gutenberg_block_has_review":false,"footnotes":""},"class_list":["post-24","page","type-page","status-publish","hentry"],"_links":{"self":[{"href":"https:\/\/corantinhugo2027.fr\/index.php\/wp-json\/wp\/v2\/pages\/24","targetHints":{"allow":["GET"]}}],"collection":[{"href":"https:\/\/corantinhugo2027.fr\/index.php\/wp-json\/wp\/v2\/pages"}],"about":[{"href":"https:\/\/corantinhugo2027.fr\/index.php\/wp-json\/wp\/v2\/types\/page"}],"author":[{"embeddable":true,"href":"https:\/\/corantinhugo2027.fr\/index.php\/wp-json\/wp\/v2\/users\/1"}],"replies":[{"embeddable":true,"href":"https:\/\/corantinhugo2027.fr\/index.php\/wp-json\/wp\/v2\/comments?post=24"}],"version-history":[{"count":9,"href":"https:\/\/corantinhugo2027.fr\/index.php\/wp-json\/wp\/v2\/pages\/24\/revisions"}],"predecessor-version":[{"id":105,"href":"https:\/\/corantinhugo2027.fr\/index.php\/wp-json\/wp\/v2\/pages\/24\/revisions\/105"}],"wp:attachment":[{"href":"https:\/\/corantinhugo2027.fr\/index.php\/wp-json\/wp\/v2\/media?parent=24"}],"curies":[{"name":"wp","href":"https:\/\/api.w.org\/{rel}","templated":true}]}}