{"id":26,"date":"2026-01-22T21:55:05","date_gmt":"2026-01-22T21:55:05","guid":{"rendered":"https:\/\/corantinhugo2027.fr\/?page_id=26"},"modified":"2026-02-20T20:03:17","modified_gmt":"2026-02-20T20:03:17","slug":"informations-pratique","status":"publish","type":"page","link":"https:\/\/corantinhugo2027.fr\/index.php\/informations-pratique\/","title":{"rendered":"INFORMATIONS PRATIQUES"},"content":{"rendered":"\n<h2 class=\"wp-block-heading\"><strong>Localisation du lieu<\/strong><\/h2>\n\n\n<div style=\"height:400pxpx;\" class=\"wp-block-themeisle-blocks-leaflet-map\" id=\"wp-block-themeisle-blocks-leaflet-map-801b725e\"><\/div>\n<script type=\"text\/javascript\">\n\t\/* <![CDATA[ *\/\n\t\tif ( ! window.themeisleLeafletMaps ) window.themeisleLeafletMaps =[];\n\t\twindow.themeisleLeafletMaps.push( { container: \"wp-block-themeisle-blocks-leaflet-map-801b725e\", attributes: {\"id\":\"wp-block-themeisle-blocks-leaflet-map-801b725e\",\"location\":\"Les Caulti\\u00e8res, 86700 Anch\\u00e9\",\"latitude\":\"45.519578948984524\",\"longitude\":\"-0.9043121337890625\",\"bbox\":\"-2.0571899414062504,45.13361760070825,0.24993896484375003,45.90338862522072\",\"zoom\":9,\"markers\":[{\"id\":\"3a2fe4ba-e49c-45af-ba71-6d23791d2a55\",\"latitude\":46.34992600000000351201379089616239070892333984375,\"longitude\":0.253477000000000007862155371185508556663990020751953125,\"title\":\"DOMAINE\",\"description\":\"\"}],\"height\":\"400px\",\"zoomControl\":true,\"draggable\":true,\"hasCustomCSS\":false,\"customCSS\":\"\",\"otterConditions\":[]} } );\n\t\/* ]]> *\/\n<\/script>\n\n\n\n<p>Sortie N\u00b037 de la N10 direction Angoul\u00eame.<\/p>\n\n\n\n<p><br>Un parking pour garer vos voitures est disponible sur place.<\/p>\n\n\n\n<hr class=\"wp-block-separator has-alpha-channel-opacity\"\/>\n\n\n\n<h2 class=\"wp-block-heading\">\ud83c\udfe1 <strong>H\u00e9bergements sur place<\/strong><\/h2>\n\n\n\n<p>Des h\u00e9bergements sur place vous seront propos\u00e9s. Ils seront r\u00e9serv\u00e9s en priorit\u00e9 aux invit\u00e9s venant de loin.<\/p>\n\n\n\n<ul class=\"wp-block-list\">\n<li>Tarif : 20\u20ac \/ personne pour le week-end<\/li>\n<\/ul>\n\n\n\n<p><strong>Malheureusement, nos amies les animaux ne sont pas autoris\u00e9s sur le lieu.<\/strong><\/p>\n\n\n\n<hr class=\"wp-block-separator has-alpha-channel-opacity\"\/>\n\n\n\n<h2 class=\"wp-block-heading\">\ud83c\udfe1 <strong>H\u00e9bergements \u00e0 proximit\u00e9<\/strong><\/h2>\n\n\n\n<p>Voici quelques possibilit\u00e9s de g\u00eetes \u00e0 quelques minutes du lieu :<\/p>\n\n\n\n<ul class=\"wp-block-list\">\n<li><a href=\"https:\/\/www.leboncoin.fr\/ad\/locations_saisonnieres\/2019257568\">G\u00eete rural dans ferme \u00e9questre<\/a><\/li>\n\n\n\n<li><a href=\"https:\/\/www.tourismecivraisienpoitou.com\/location-hebergement\/les-eglantines\/\" target=\"_blank\" rel=\"noreferrer noopener\">Les<\/a><a href=\"https:\/\/www.tourismecivraisienpoitou.com\/location-hebergement\/le-verger\/\nhttps:\/\/www.gitesdefrance-vienne.com\/location-vacances-Gite-a-Anche-86G1170.html\nhttps:\/\/www.tourismecivraisienpoitou.com\/location-hebergement\/gite-des-petits-ponts\/\"> \u00e9glantines<\/a><\/li>\n\n\n\n<li><a href=\"https:\/\/www.tourismecivraisienpoitou.com\/location-hebergement\/la-maison-direne\/\" target=\"_blank\" rel=\"noreferrer noopener\">La Maison d&rsquo;Ir\u00e8ne<\/a><\/li>\n\n\n\n<li><a href=\"https:\/\/www.tourismecivraisienpoitou.com\/location-hebergement\/gite-les-glycines\/\" target=\"_blank\" rel=\"noreferrer noopener\">G\u00eete Les Glycines<\/a><\/li>\n\n\n\n<li><a href=\"https:\/\/www.tourismecivraisienpoitou.com\/location-hebergement\/gite-grain-de-ble\/\" data-type=\"link\" data-id=\"https:\/\/www.tourismecivraisienpoitou.com\/location-hebergement\/gite-grain-de-ble\/\" target=\"_blank\" rel=\"noreferrer noopener\">G\u00eete Grain de Bl\u00e9<\/a><\/li>\n<\/ul>\n\n\n\n<p><\/p>\n","protected":false},"excerpt":{"rendered":"<p>Localisation du lieu Sortie N\u00b037 de la N10 direction Angoul\u00eame. Un parking pour garer vos voitures est disponible sur place. \ud83c\udfe1 H\u00e9bergements sur place Des h\u00e9bergements sur place vous seront propos\u00e9s. Ils seront r\u00e9serv\u00e9s en priorit\u00e9 aux invit\u00e9s venant de loin. Malheureusement, nos amies les animaux ne sont pas autoris\u00e9s [&hellip;]<\/p>\n","protected":false},"author":1,"featured_media":0,"parent":0,"menu_order":0,"comment_status":"closed","ping_status":"closed","template":"","meta":{"_themeisle_gutenberg_block_has_review":false,"footnotes":""},"class_list":["post-26","page","type-page","status-publish","hentry"],"_links":{"self":[{"href":"https:\/\/corantinhugo2027.fr\/index.php\/wp-json\/wp\/v2\/pages\/26","targetHints":{"allow":["GET"]}}],"collection":[{"href":"https:\/\/corantinhugo2027.fr\/index.php\/wp-json\/wp\/v2\/pages"}],"about":[{"href":"https:\/\/corantinhugo2027.fr\/index.php\/wp-json\/wp\/v2\/types\/page"}],"author":[{"embeddable":true,"href":"https:\/\/corantinhugo2027.fr\/index.php\/wp-json\/wp\/v2\/users\/1"}],"replies":[{"embeddable":true,"href":"https:\/\/corantinhugo2027.fr\/index.php\/wp-json\/wp\/v2\/comments?post=26"}],"version-history":[{"count":15,"href":"https:\/\/corantinhugo2027.fr\/index.php\/wp-json\/wp\/v2\/pages\/26\/revisions"}],"predecessor-version":[{"id":104,"href":"https:\/\/corantinhugo2027.fr\/index.php\/wp-json\/wp\/v2\/pages\/26\/revisions\/104"}],"wp:attachment":[{"href":"https:\/\/corantinhugo2027.fr\/index.php\/wp-json\/wp\/v2\/media?parent=26"}],"curies":[{"name":"wp","href":"https:\/\/api.w.org\/{rel}","templated":true}]}}